{"id":5600,"date":"2024-05-17T09:57:43","date_gmt":"2024-05-17T07:57:43","guid":{"rendered":"https:\/\/montanasport.stage.one-line.ch\/?page_id=5600"},"modified":"2026-02-26T09:29:35","modified_gmt":"2026-02-26T09:29:35","slug":"classic-heritage","status":"publish","type":"page","link":"https:\/\/montanasport.ch\/fr\/classic-heritage\/","title":{"rendered":"Classic Heritage"},"content":{"rendered":"\t\t<div data-elementor-type=\"wp-page\" data-elementor-id=\"5600\" class=\"elementor elementor-5600\" data-elementor-post-type=\"page\">\n\t\t\t\t\t\t<section class=\"elementor-section elementor-top-section elementor-element elementor-element-bc8f84d elementor-section-boxed elementor-section-height-default elementor-section-height-default\" data-id=\"bc8f84d\" data-element_type=\"section\" data-settings=\"{&quot;background_background&quot;:&quot;classic&quot;}\">\n\t\t\t\t\t\t<div class=\"elementor-container elementor-column-gap-default\">\n\t\t\t\t\t<div class=\"elementor-column elementor-col-50 elementor-top-column elementor-element elementor-element-544a8d7\" data-id=\"544a8d7\" data-element_type=\"column\">\n\t\t\t<div class=\"elementor-widget-wrap elementor-element-populated\">\n\t\t\t\t\t\t<div class=\"elementor-element elementor-element-7c5c588 elementor-widget elementor-widget-heading\" data-id=\"7c5c588\" data-element_type=\"widget\" data-widget_type=\"heading.default\">\n\t\t\t\t<div class=\"elementor-widget-container\">\n\t\t\t\t\t<h1 class=\"elementor-heading-title elementor-size-default\">CLASSIC HERITAGE <\/h1>\t\t\t\t<\/div>\n\t\t\t\t<\/div>\n\t\t\t\t\t<\/div>\n\t\t<\/div>\n\t\t\t\t<div class=\"elementor-column elementor-col-50 elementor-top-column elementor-element elementor-element-7994e88\" data-id=\"7994e88\" data-element_type=\"column\">\n\t\t\t<div class=\"elementor-widget-wrap elementor-element-populated\">\n\t\t\t\t\t\t<div class=\"elementor-element elementor-element-3ee3e78 elementor-widget-mobile__width-initial elementor-widget elementor-widget-image\" data-id=\"3ee3e78\" data-element_type=\"widget\" data-widget_type=\"image.default\">\n\t\t\t\t<div class=\"elementor-widget-container\">\n\t\t\t\t\t\t\t\t\t\t\t\t\t\t\t\t<a href=\"https:\/\/montanasport.ch\/fr\">\n\t\t\t\t\t\t\t<img decoding=\"async\" src=\"https:\/\/montanasport.ch\/fr\/wp-content\/uploads\/2024\/05\/ASICS_SPS_SMSB_Lockup_White_RGB.png\" title=\"\" alt=\"\" loading=\"lazy\" \/>\t\t\t\t\t\t\t\t<\/a>\n\t\t\t\t\t\t\t\t\t\t\t\t\t\t\t<\/div>\n\t\t\t\t<\/div>\n\t\t\t\t\t<\/div>\n\t\t<\/div>\n\t\t\t\t\t<\/div>\n\t\t<\/section>\n\t\t\t\t<section class=\"elementor-section elementor-top-section elementor-element elementor-element-9845704 elementor-section-full_width elementor-section-height-default elementor-section-height-default\" data-id=\"9845704\" data-element_type=\"section\" data-settings=\"{&quot;background_background&quot;:&quot;classic&quot;}\">\n\t\t\t\t\t\t<div class=\"elementor-container elementor-column-gap-default\">\n\t\t\t\t\t<div class=\"elementor-column elementor-col-100 elementor-top-column elementor-element elementor-element-c9aa892\" data-id=\"c9aa892\" data-element_type=\"column\">\n\t\t\t<div class=\"elementor-widget-wrap elementor-element-populated\">\n\t\t\t\t\t\t<section class=\"elementor-section elementor-inner-section elementor-element elementor-element-52a6e07 elementor-reverse-mobile elementor-section-boxed elementor-section-height-default elementor-section-height-default\" data-id=\"52a6e07\" data-element_type=\"section\">\n\t\t\t\t\t\t<div class=\"elementor-container elementor-column-gap-default\">\n\t\t\t\t\t<div class=\"elementor-column elementor-col-50 elementor-inner-column elementor-element elementor-element-1cff98a\" data-id=\"1cff98a\" data-element_type=\"column\">\n\t\t\t<div class=\"elementor-widget-wrap elementor-element-populated\">\n\t\t\t\t\t\t<div class=\"elementor-element elementor-element-84035d8 elementor-widget elementor-widget-heading\" data-id=\"84035d8\" data-element_type=\"widget\" data-widget_type=\"heading.default\">\n\t\t\t\t<div class=\"elementor-widget-container\">\n\t\t\t\t\t<h2 class=\"elementor-heading-title elementor-size-default\">LYTE CLASSIC\u2122\n<\/h2>\t\t\t\t<\/div>\n\t\t\t\t<\/div>\n\t\t\t\t<div class=\"elementor-element elementor-element-199e643 elementor-widget__width-initial elementor-widget elementor-widget-text-editor\" data-id=\"199e643\" data-element_type=\"widget\" data-widget_type=\"text-editor.default\">\n\t\t\t\t<div class=\"elementor-widget-container\">\n\t\t\t\t\t\t\t\t\t<p><strong> INSPIRATION <\/strong><\/p><p>La chaussure LYTE CLASSIC\u2122 s&#8217;inspire de l&#8217;esth\u00e9tique de la sneaker GEL-LYTE\u2122 III et rend hommage aux archives d&#8217;ASICS avec des d\u00e9tails l\u00e9gendaires. Le branding r\u00e9tro d&#8217;ASICS sur la languette et le talon compl\u00e8te le design. Le mod\u00e8le LYTE CLASSIC\u2122 pr\u00e9sente des \u00e9l\u00e9ments reconnaissables de la tradition ASICS et propose une nouvelle silhouette au look urbain.<\/p><p><strong>APER\u00c7U DU PRODUIT<\/strong><\/p><p>Comme toujours, le confort est la caract\u00e9ristique principale des produits ASICS, et le LYTE CLASSIC\u2122 ne fait pas exception. \u00c9quip\u00e9 d&#8217;une semelle interm\u00e9diaire en EVA\u2122, il offre un confort durable et un bon maintien. Les mod\u00e8les LYTE CLASSIC\u2122 sont g\u00e9n\u00e9ralement tr\u00e8s \u00e9pur\u00e9s et s&#8217;adaptent \u00e0 tous les styles. Avec ce mod\u00e8le, ASICS propose une chaussure polyvalente qui garantit \u00e0 la fois confort et style, peu importe o\u00f9 vous vous trouvez.<\/p>\t\t\t\t\t\t\t\t<\/div>\n\t\t\t\t<\/div>\n\t\t\t\t\t<\/div>\n\t\t<\/div>\n\t\t\t\t<div class=\"elementor-column elementor-col-50 elementor-inner-column elementor-element elementor-element-5b3412e\" data-id=\"5b3412e\" data-element_type=\"column\">\n\t\t\t<div class=\"elementor-widget-wrap elementor-element-populated\">\n\t\t\t\t\t\t<div class=\"elementor-element elementor-element-e19a799 elementor-widget elementor-widget-image\" data-id=\"e19a799\" data-element_type=\"widget\" data-widget_type=\"image.default\">\n\t\t\t\t<div class=\"elementor-widget-container\">\n\t\t\t\t\t\t\t\t\t\t\t\t\t\t\t<img fetchpriority=\"high\" decoding=\"async\" width=\"630\" height=\"770\" src=\"https:\/\/montanasport.ch\/fr\/wp-content\/uploads\/sites\/3\/2026\/01\/2.jpg\" class=\"attachment-full size-full wp-image-8275\" alt=\"\" srcset=\"https:\/\/montanasport.ch\/fr\/wp-content\/uploads\/sites\/3\/2026\/01\/2.jpg 630w, https:\/\/montanasport.ch\/fr\/wp-content\/uploads\/sites\/3\/2026\/01\/2-245x300.jpg 245w\" sizes=\"(max-width: 630px) 100vw, 630px\" \/>\t\t\t\t\t\t\t\t\t\t\t\t\t\t\t<\/div>\n\t\t\t\t<\/div>\n\t\t\t\t\t<\/div>\n\t\t<\/div>\n\t\t\t\t\t<\/div>\n\t\t<\/section>\n\t\t\t\t<div class=\"elementor-element elementor-element-6ec2820 elementor-align-right elementor-fixed elementor-widget__width-initial back-to-top elementor-widget elementor-widget-button\" data-id=\"6ec2820\" data-element_type=\"widget\" data-settings=\"{&quot;_position&quot;:&quot;fixed&quot;,&quot;_animation&quot;:&quot;none&quot;}\" data-widget_type=\"button.default\">\n\t\t\t\t<div class=\"elementor-widget-container\">\n\t\t\t\t\t\t\t\t\t<div class=\"elementor-button-wrapper\">\n\t\t\t\t\t<a class=\"elementor-button elementor-button-link elementor-size-sm\" href=\"#top\">\n\t\t\t\t\t\t<span class=\"elementor-button-content-wrapper\">\n\t\t\t\t\t\t<span class=\"elementor-button-icon\">\n\t\t\t\t<i aria-hidden=\"true\" class=\"icon icon-up-arrow1\"><\/i>\t\t\t<\/span>\n\t\t\t\t\t\t\t\t<\/span>\n\t\t\t\t\t<\/a>\n\t\t\t\t<\/div>\n\t\t\t\t\t\t\t\t<\/div>\n\t\t\t\t<\/div>\n\t\t\t\t\t<\/div>\n\t\t<\/div>\n\t\t\t\t\t<\/div>\n\t\t<\/section>\n\t\t\t\t<section class=\"elementor-section elementor-top-section elementor-element elementor-element-61467e6 elementor-section-full_width elementor-section-height-default elementor-section-height-default\" data-id=\"61467e6\" data-element_type=\"section\" data-settings=\"{&quot;background_background&quot;:&quot;classic&quot;}\">\n\t\t\t\t\t\t<div class=\"elementor-container elementor-column-gap-default\">\n\t\t\t\t\t<div class=\"elementor-column elementor-col-100 elementor-top-column elementor-element elementor-element-f27e9ac\" data-id=\"f27e9ac\" data-element_type=\"column\">\n\t\t\t<div class=\"elementor-widget-wrap elementor-element-populated\">\n\t\t\t\t\t\t<section class=\"elementor-section elementor-inner-section elementor-element elementor-element-602c473 elementor-section-boxed elementor-section-height-default elementor-section-height-default\" data-id=\"602c473\" data-element_type=\"section\">\n\t\t\t\t\t\t<div class=\"elementor-container elementor-column-gap-default\">\n\t\t\t\t\t<div class=\"elementor-column elementor-col-100 elementor-inner-column elementor-element elementor-element-cda8d86\" data-id=\"cda8d86\" data-element_type=\"column\">\n\t\t\t<div class=\"elementor-widget-wrap elementor-element-populated\">\n\t\t\t\t\t\t<div class=\"elementor-element elementor-element-4b09cfd elementor-widget elementor-widget-image\" data-id=\"4b09cfd\" data-element_type=\"widget\" data-widget_type=\"image.default\">\n\t\t\t\t<div class=\"elementor-widget-container\">\n\t\t\t\t\t\t\t\t\t\t\t\t\t\t\t<img decoding=\"async\" src=\"https:\/\/montanasport.ch\/fr\/wp-content\/uploads\/2024\/05\/1202A306_253_SR_RT_GLB-2048x995-1.png\" title=\"\" alt=\"\" loading=\"lazy\" \/>\t\t\t\t\t\t\t\t\t\t\t\t\t\t\t<\/div>\n\t\t\t\t<\/div>\n\t\t\t\t\t<\/div>\n\t\t<\/div>\n\t\t\t\t\t<\/div>\n\t\t<\/section>\n\t\t\t\t<section class=\"elementor-section elementor-inner-section elementor-element elementor-element-d87d5e1 elementor-section-boxed elementor-section-height-default elementor-section-height-default\" data-id=\"d87d5e1\" data-element_type=\"section\">\n\t\t\t\t\t\t<div class=\"elementor-container elementor-column-gap-default\">\n\t\t\t\t\t<div class=\"elementor-column elementor-col-100 elementor-inner-column elementor-element elementor-element-82764b0\" data-id=\"82764b0\" data-element_type=\"column\">\n\t\t\t<div class=\"elementor-widget-wrap elementor-element-populated\">\n\t\t\t\t\t\t<div class=\"elementor-element elementor-element-95e55ef elementor-widget elementor-widget-heading\" data-id=\"95e55ef\" data-element_type=\"widget\" data-widget_type=\"heading.default\">\n\t\t\t\t<div class=\"elementor-widget-container\">\n\t\t\t\t\t<h2 class=\"elementor-heading-title elementor-size-default\">TECHNOLOGIE ET FONCTIONNALIT\u00c9S\n<\/h2>\t\t\t\t<\/div>\n\t\t\t\t<\/div>\n\t\t\t\t<div class=\"elementor-element elementor-element-9f16fd7 elementor-widget elementor-widget-text-editor\" data-id=\"9f16fd7\" data-element_type=\"widget\" data-widget_type=\"text-editor.default\">\n\t\t\t\t<div class=\"elementor-widget-container\">\n\t\t\t\t\t\t\t\t\t<ul><li>Mat\u00e9riau sup\u00e9rieur en cuir su\u00e9d\u00e9, simili cuir et mesh : Combine luxe, durabilit\u00e9 et respirabilit\u00e9.<\/li><li>Semelle interm\u00e9diaire en EVA : Offre un amorti l\u00e9ger et un confort prolong\u00e9.<\/li><\/ul>\t\t\t\t\t\t\t\t<\/div>\n\t\t\t\t<\/div>\n\t\t\t\t<div class=\"elementor-element elementor-element-bf87bf4 elementor-widget elementor-widget-video\" data-id=\"bf87bf4\" data-element_type=\"widget\" data-settings=\"{&quot;youtube_url&quot;:&quot;https:\\\/\\\/youtu.be\\\/dj3qd5FpzMM&quot;,&quot;video_type&quot;:&quot;youtube&quot;,&quot;controls&quot;:&quot;yes&quot;}\" data-widget_type=\"video.default\">\n\t\t\t\t<div class=\"elementor-widget-container\">\n\t\t\t\t\t\t\t<div class=\"elementor-wrapper elementor-open-inline\">\n\t\t\t<div class=\"elementor-video\"><\/div>\t\t<\/div>\n\t\t\t\t\t\t<\/div>\n\t\t\t\t<\/div>\n\t\t\t\t\t<\/div>\n\t\t<\/div>\n\t\t\t\t\t<\/div>\n\t\t<\/section>\n\t\t\t\t\t<\/div>\n\t\t<\/div>\n\t\t\t\t\t<\/div>\n\t\t<\/section>\n\t\t\t\t<section class=\"elementor-section elementor-top-section elementor-element elementor-element-1348ba7 elementor-section-boxed elementor-section-height-default elementor-section-height-default\" data-id=\"1348ba7\" data-element_type=\"section\" data-settings=\"{&quot;background_background&quot;:&quot;classic&quot;}\">\n\t\t\t\t\t\t<div class=\"elementor-container elementor-column-gap-default\">\n\t\t\t\t\t<div class=\"elementor-column elementor-col-100 elementor-top-column elementor-element elementor-element-f79defa\" data-id=\"f79defa\" data-element_type=\"column\">\n\t\t\t<div class=\"elementor-widget-wrap elementor-element-populated\">\n\t\t\t\t\t\t<div class=\"elementor-element elementor-element-a408161 elementor-widget elementor-widget-image\" data-id=\"a408161\" data-element_type=\"widget\" data-widget_type=\"image.default\">\n\t\t\t\t<div class=\"elementor-widget-container\">\n\t\t\t\t\t\t\t\t\t\t\t\t\t\t\t<img decoding=\"async\" src=\"https:\/\/montanasport.ch\/fr\/wp-content\/uploads\/2024\/05\/LYTE_CLASSIC-01-2048x11531-1.png\" title=\"\" alt=\"\" loading=\"lazy\" \/>\t\t\t\t\t\t\t\t\t\t\t\t\t\t\t<\/div>\n\t\t\t\t<\/div>\n\t\t\t\t\t<\/div>\n\t\t<\/div>\n\t\t\t\t\t<\/div>\n\t\t<\/section>\n\t\t\t\t<section class=\"elementor-section elementor-top-section elementor-element elementor-element-744eab0 elementor-section-full_width elementor-section-height-default elementor-section-height-default\" data-id=\"744eab0\" data-element_type=\"section\" data-settings=\"{&quot;background_background&quot;:&quot;classic&quot;}\">\n\t\t\t\t\t\t<div class=\"elementor-container elementor-column-gap-default\">\n\t\t\t\t\t<div class=\"elementor-column elementor-col-100 elementor-top-column elementor-element elementor-element-3b0e050\" data-id=\"3b0e050\" data-element_type=\"column\">\n\t\t\t<div class=\"elementor-widget-wrap elementor-element-populated\">\n\t\t\t\t\t\t<section class=\"elementor-section elementor-inner-section elementor-element elementor-element-45ed8a3 elementor-section-boxed elementor-section-height-default elementor-section-height-default\" data-id=\"45ed8a3\" data-element_type=\"section\" data-settings=\"{&quot;background_background&quot;:&quot;classic&quot;}\">\n\t\t\t\t\t\t<div class=\"elementor-container elementor-column-gap-default\">\n\t\t\t\t\t<div class=\"elementor-column elementor-col-50 elementor-inner-column elementor-element elementor-element-8889024\" data-id=\"8889024\" data-element_type=\"column\">\n\t\t\t<div class=\"elementor-widget-wrap elementor-element-populated\">\n\t\t\t\t\t\t<div class=\"elementor-element elementor-element-1fed786 elementor-widget elementor-widget-heading\" data-id=\"1fed786\" data-element_type=\"widget\" data-widget_type=\"heading.default\">\n\t\t\t\t<div class=\"elementor-widget-container\">\n\t\t\t\t\t<h2 class=\"elementor-heading-title elementor-size-default\">CLASSIC HERITAGE<\/h2>\t\t\t\t<\/div>\n\t\t\t\t<\/div>\n\t\t\t\t<div class=\"elementor-element elementor-element-f055de0 elementor-widget elementor-widget-text-editor\" data-id=\"f055de0\" data-element_type=\"widget\" data-widget_type=\"text-editor.default\">\n\t\t\t\t<div class=\"elementor-widget-container\">\n\t\t\t\t\t\t\t\t\t<p>D\u00e9couvrez les derniers articles dans notre boutique en ligne.<\/p>\t\t\t\t\t\t\t\t<\/div>\n\t\t\t\t<\/div>\n\t\t\t\t\t<\/div>\n\t\t<\/div>\n\t\t\t\t<div class=\"elementor-column elementor-col-50 elementor-inner-column elementor-element elementor-element-9a7d74f\" data-id=\"9a7d74f\" data-element_type=\"column\">\n\t\t\t<div class=\"elementor-widget-wrap elementor-element-populated\">\n\t\t\t\t\t\t<div class=\"elementor-element elementor-element-b0667ae elementor-widget elementor-widget-heading\" data-id=\"b0667ae\" data-element_type=\"widget\" data-widget_type=\"heading.default\">\n\t\t\t\t<div class=\"elementor-widget-container\">\n\t\t\t\t\t<h2 class=\"elementor-heading-title elementor-size-default\"><a href=\"https:\/\/eshop.montanasport.ch\/de\/start.htm\">SHOP NOW<\/a><\/h2>\t\t\t\t<\/div>\n\t\t\t\t<\/div>\n\t\t\t\t<div class=\"elementor-element elementor-element-9cee1cb elementor-align-center elementor-widget elementor-widget-button\" data-id=\"9cee1cb\" data-element_type=\"widget\" data-widget_type=\"button.default\">\n\t\t\t\t<div class=\"elementor-widget-container\">\n\t\t\t\t\t\t\t\t\t<div class=\"elementor-button-wrapper\">\n\t\t\t\t\t<a class=\"elementor-button elementor-button-link elementor-size-sm\" href=\"https:\/\/eshop.montanasport.ch\/fr\/start.htm\" target=\"_blank\">\n\t\t\t\t\t\t<span class=\"elementor-button-content-wrapper\">\n\t\t\t\t\t\t\t\t\t<span class=\"elementor-button-text\">REVENDEUR WEBSHOP<\/span>\n\t\t\t\t\t<\/span>\n\t\t\t\t\t<\/a>\n\t\t\t\t<\/div>\n\t\t\t\t\t\t\t\t<\/div>\n\t\t\t\t<\/div>\n\t\t\t\t\t<\/div>\n\t\t<\/div>\n\t\t\t\t\t<\/div>\n\t\t<\/section>\n\t\t\t\t\t<\/div>\n\t\t<\/div>\n\t\t\t\t\t<\/div>\n\t\t<\/section>\n\t\t\t\t<\/div>\n\t\t","protected":false},"excerpt":{"rendered":"<p>CLASSIC HERITAGE LYTE CLASSIC\u2122 INSPIRATION La chaussure LYTE CLASSIC\u2122 s&#8217;inspire de l&#8217;esth\u00e9tique de la sneaker GEL-LYTE\u2122 III et rend hommage aux archives d&#8217;ASICS avec des d\u00e9tails l\u00e9gendaires. Le branding r\u00e9tro d&#8217;ASICS sur la languette et le talon compl\u00e8te le design. Le mod\u00e8le LYTE CLASSIC\u2122 pr\u00e9sente des \u00e9l\u00e9ments reconnaissables de la tradition ASICS et propose une [&hellip;]<\/p>\n","protected":false},"author":4,"featured_media":0,"parent":0,"menu_order":0,"comment_status":"closed","ping_status":"closed","template":"elementor_header_footer","meta":{"inline_featured_image":false,"footnotes":""},"class_list":["post-5600","page","type-page","status-publish","hentry"],"yoast_head":"<!-- This site is optimized with the Yoast SEO plugin v24.8.1 - https:\/\/yoast.com\/wordpress\/plugins\/seo\/ -->\n<title>Classic Heritage - Montana Sport FR<\/title>\n<meta name=\"robots\" content=\"index, follow, max-snippet:-1, max-image-preview:large, max-video-preview:-1\" \/>\n<link rel=\"canonical\" href=\"https:\/\/montanasport.ch\/fr\/classic-heritage\/\" \/>\n<meta property=\"og:locale\" content=\"fr_FR\" \/>\n<meta property=\"og:type\" content=\"article\" \/>\n<meta property=\"og:title\" content=\"Classic Heritage - Montana Sport FR\" \/>\n<meta property=\"og:description\" content=\"CLASSIC HERITAGE LYTE CLASSIC\u2122 INSPIRATION La chaussure LYTE CLASSIC\u2122 s&#8217;inspire de l&#8217;esth\u00e9tique de la sneaker GEL-LYTE\u2122 III et rend hommage aux archives d&#8217;ASICS avec des d\u00e9tails l\u00e9gendaires. Le branding r\u00e9tro d&#8217;ASICS sur la languette et le talon compl\u00e8te le design. Le mod\u00e8le LYTE CLASSIC\u2122 pr\u00e9sente des \u00e9l\u00e9ments reconnaissables de la tradition ASICS et propose une [&hellip;]\" \/>\n<meta property=\"og:url\" content=\"https:\/\/montanasport.ch\/fr\/classic-heritage\/\" \/>\n<meta property=\"og:site_name\" content=\"Montana Sport FR\" \/>\n<meta property=\"article:modified_time\" content=\"2026-02-26T09:29:35+00:00\" \/>\n<meta property=\"og:image\" content=\"https:\/\/montanasport.ch\/fr\/wp-content\/uploads\/2024\/05\/ASICS_SPS_SMSB_Lockup_White_RGB.png\" \/>\n<meta name=\"twitter:card\" content=\"summary_large_image\" \/>\n<meta name=\"twitter:label1\" content=\"Dur\u00e9e de lecture estim\u00e9e\" \/>\n\t<meta name=\"twitter:data1\" content=\"2 minutes\" \/>\n<script type=\"application\/ld+json\" class=\"yoast-schema-graph\">{\"@context\":\"https:\/\/schema.org\",\"@graph\":[{\"@type\":\"WebPage\",\"@id\":\"https:\/\/montanasport.ch\/fr\/classic-heritage\/\",\"url\":\"https:\/\/montanasport.ch\/fr\/classic-heritage\/\",\"name\":\"Classic Heritage - Montana Sport FR\",\"isPartOf\":{\"@id\":\"https:\/\/montanasport.ch\/fr\/#website\"},\"primaryImageOfPage\":{\"@id\":\"https:\/\/montanasport.ch\/fr\/classic-heritage\/#primaryimage\"},\"image\":{\"@id\":\"https:\/\/montanasport.ch\/fr\/classic-heritage\/#primaryimage\"},\"thumbnailUrl\":\"https:\/\/montanasport.ch\/fr\/wp-content\/uploads\/2024\/05\/ASICS_SPS_SMSB_Lockup_White_RGB.png\",\"datePublished\":\"2024-05-17T07:57:43+00:00\",\"dateModified\":\"2026-02-26T09:29:35+00:00\",\"breadcrumb\":{\"@id\":\"https:\/\/montanasport.ch\/fr\/classic-heritage\/#breadcrumb\"},\"inLanguage\":\"fr-FR\",\"potentialAction\":[{\"@type\":\"ReadAction\",\"target\":[\"https:\/\/montanasport.ch\/fr\/classic-heritage\/\"]}]},{\"@type\":\"ImageObject\",\"inLanguage\":\"fr-FR\",\"@id\":\"https:\/\/montanasport.ch\/fr\/classic-heritage\/#primaryimage\",\"url\":\"https:\/\/montanasport.ch\/fr\/wp-content\/uploads\/2024\/05\/ASICS_SPS_SMSB_Lockup_White_RGB.png\",\"contentUrl\":\"https:\/\/montanasport.ch\/fr\/wp-content\/uploads\/2024\/05\/ASICS_SPS_SMSB_Lockup_White_RGB.png\"},{\"@type\":\"BreadcrumbList\",\"@id\":\"https:\/\/montanasport.ch\/fr\/classic-heritage\/#breadcrumb\",\"itemListElement\":[{\"@type\":\"ListItem\",\"position\":1,\"name\":\"Home\",\"item\":\"https:\/\/montanasport.ch\/fr\/\"},{\"@type\":\"ListItem\",\"position\":2,\"name\":\"Classic Heritage\"}]},{\"@type\":\"WebSite\",\"@id\":\"https:\/\/montanasport.ch\/fr\/#website\",\"url\":\"https:\/\/montanasport.ch\/fr\/\",\"name\":\"Montana Sport FR\",\"description\":\"\",\"potentialAction\":[{\"@type\":\"SearchAction\",\"target\":{\"@type\":\"EntryPoint\",\"urlTemplate\":\"https:\/\/montanasport.ch\/fr\/?s={search_term_string}\"},\"query-input\":{\"@type\":\"PropertyValueSpecification\",\"valueRequired\":true,\"valueName\":\"search_term_string\"}}],\"inLanguage\":\"fr-FR\"}]}<\/script>\n<!-- \/ Yoast SEO plugin. -->","yoast_head_json":{"title":"Classic Heritage - Montana Sport FR","robots":{"index":"index","follow":"follow","max-snippet":"max-snippet:-1","max-image-preview":"max-image-preview:large","max-video-preview":"max-video-preview:-1"},"canonical":"https:\/\/montanasport.ch\/fr\/classic-heritage\/","og_locale":"fr_FR","og_type":"article","og_title":"Classic Heritage - Montana Sport FR","og_description":"CLASSIC HERITAGE LYTE CLASSIC\u2122 INSPIRATION La chaussure LYTE CLASSIC\u2122 s&#8217;inspire de l&#8217;esth\u00e9tique de la sneaker GEL-LYTE\u2122 III et rend hommage aux archives d&#8217;ASICS avec des d\u00e9tails l\u00e9gendaires. Le branding r\u00e9tro d&#8217;ASICS sur la languette et le talon compl\u00e8te le design. Le mod\u00e8le LYTE CLASSIC\u2122 pr\u00e9sente des \u00e9l\u00e9ments reconnaissables de la tradition ASICS et propose une [&hellip;]","og_url":"https:\/\/montanasport.ch\/fr\/classic-heritage\/","og_site_name":"Montana Sport FR","article_modified_time":"2026-02-26T09:29:35+00:00","og_image":[{"url":"https:\/\/montanasport.ch\/fr\/wp-content\/uploads\/2024\/05\/ASICS_SPS_SMSB_Lockup_White_RGB.png","type":"","width":"","height":""}],"twitter_card":"summary_large_image","twitter_misc":{"Dur\u00e9e de lecture estim\u00e9e":"2 minutes"},"schema":{"@context":"https:\/\/schema.org","@graph":[{"@type":"WebPage","@id":"https:\/\/montanasport.ch\/fr\/classic-heritage\/","url":"https:\/\/montanasport.ch\/fr\/classic-heritage\/","name":"Classic Heritage - Montana Sport FR","isPartOf":{"@id":"https:\/\/montanasport.ch\/fr\/#website"},"primaryImageOfPage":{"@id":"https:\/\/montanasport.ch\/fr\/classic-heritage\/#primaryimage"},"image":{"@id":"https:\/\/montanasport.ch\/fr\/classic-heritage\/#primaryimage"},"thumbnailUrl":"https:\/\/montanasport.ch\/fr\/wp-content\/uploads\/2024\/05\/ASICS_SPS_SMSB_Lockup_White_RGB.png","datePublished":"2024-05-17T07:57:43+00:00","dateModified":"2026-02-26T09:29:35+00:00","breadcrumb":{"@id":"https:\/\/montanasport.ch\/fr\/classic-heritage\/#breadcrumb"},"inLanguage":"fr-FR","potentialAction":[{"@type":"ReadAction","target":["https:\/\/montanasport.ch\/fr\/classic-heritage\/"]}]},{"@type":"ImageObject","inLanguage":"fr-FR","@id":"https:\/\/montanasport.ch\/fr\/classic-heritage\/#primaryimage","url":"https:\/\/montanasport.ch\/fr\/wp-content\/uploads\/2024\/05\/ASICS_SPS_SMSB_Lockup_White_RGB.png","contentUrl":"https:\/\/montanasport.ch\/fr\/wp-content\/uploads\/2024\/05\/ASICS_SPS_SMSB_Lockup_White_RGB.png"},{"@type":"BreadcrumbList","@id":"https:\/\/montanasport.ch\/fr\/classic-heritage\/#breadcrumb","itemListElement":[{"@type":"ListItem","position":1,"name":"Home","item":"https:\/\/montanasport.ch\/fr\/"},{"@type":"ListItem","position":2,"name":"Classic Heritage"}]},{"@type":"WebSite","@id":"https:\/\/montanasport.ch\/fr\/#website","url":"https:\/\/montanasport.ch\/fr\/","name":"Montana Sport FR","description":"","potentialAction":[{"@type":"SearchAction","target":{"@type":"EntryPoint","urlTemplate":"https:\/\/montanasport.ch\/fr\/?s={search_term_string}"},"query-input":{"@type":"PropertyValueSpecification","valueRequired":true,"valueName":"search_term_string"}}],"inLanguage":"fr-FR"}]}},"_links":{"self":[{"href":"https:\/\/montanasport.ch\/fr\/wp-json\/wp\/v2\/pages\/5600","targetHints":{"allow":["GET"]}}],"collection":[{"href":"https:\/\/montanasport.ch\/fr\/wp-json\/wp\/v2\/pages"}],"about":[{"href":"https:\/\/montanasport.ch\/fr\/wp-json\/wp\/v2\/types\/page"}],"author":[{"embeddable":true,"href":"https:\/\/montanasport.ch\/fr\/wp-json\/wp\/v2\/users\/4"}],"replies":[{"embeddable":true,"href":"https:\/\/montanasport.ch\/fr\/wp-json\/wp\/v2\/comments?post=5600"}],"version-history":[{"count":13,"href":"https:\/\/montanasport.ch\/fr\/wp-json\/wp\/v2\/pages\/5600\/revisions"}],"predecessor-version":[{"id":8506,"href":"https:\/\/montanasport.ch\/fr\/wp-json\/wp\/v2\/pages\/5600\/revisions\/8506"}],"wp:attachment":[{"href":"https:\/\/montanasport.ch\/fr\/wp-json\/wp\/v2\/media?parent=5600"}],"curies":[{"name":"wp","href":"https:\/\/api.w.org\/{rel}","templated":true}]}}